{"id":351,"date":"2022-04-20T03:19:13","date_gmt":"2022-04-20T08:19:13","guid":{"rendered":"https:\/\/xstore.8theme.com\/elementor\/demos\/niche-market04\/?post_type=product&#038;p=351"},"modified":"2025-09-08T12:26:30","modified_gmt":"2025-09-08T18:26:30","slug":"aretes-aguete-plata-925-con-bano-de-oro-18k","status":"publish","type":"product","link":"https:\/\/mandarajoyeria.mx\/?product=aretes-aguete-plata-925-con-bano-de-oro-18k","title":{"rendered":"Aretes Baguete Plata 925 con ba\u00f1o de oro 18k"},"content":{"rendered":"<p>Estos Aretes estan hechos con la mejor calidad en plata con ba\u00f1o de oro de 18K, son especiales para toda ocasi\u00f3n, llevan un dije con una circonia negra hermosa que cuelga, si quieres unos aretes sencillos pero elegantes, estos son una opci\u00f3n excelente!<\/p>\n","protected":false},"excerpt":{"rendered":"<p>Aretes huggie fabricados en plata 925 con ba\u00f1o de oro de 18K<\/p>\n","protected":false},"featured_media":1760,"comment_status":"open","ping_status":"closed","template":"","meta":[],"etheme_brands":[],"product_cat":[105],"product_tag":[],"class_list":{"0":"post-351","1":"product","2":"type-product","3":"status-publish","4":"has-post-thumbnail","6":"product_cat-aretes","8":"first","9":"instock","10":"shipping-taxable","11":"purchasable","12":"product-type-simple"},"_links":{"self":[{"href":"https:\/\/mandarajoyeria.mx\/index.php?rest_route=\/wp\/v2\/product\/351","targetHints":{"allow":["GET"]}}],"collection":[{"href":"https:\/\/mandarajoyeria.mx\/index.php?rest_route=\/wp\/v2\/product"}],"about":[{"href":"https:\/\/mandarajoyeria.mx\/index.php?rest_route=\/wp\/v2\/types\/product"}],"replies":[{"embeddable":true,"href":"https:\/\/mandarajoyeria.mx\/index.php?rest_route=%2Fwp%2Fv2%2Fcomments&post=351"}],"version-history":[{"count":1,"href":"https:\/\/mandarajoyeria.mx\/index.php?rest_route=\/wp\/v2\/product\/351\/revisions"}],"predecessor-version":[{"id":1763,"href":"https:\/\/mandarajoyeria.mx\/index.php?rest_route=\/wp\/v2\/product\/351\/revisions\/1763"}],"wp:featuredmedia":[{"embeddable":true,"href":"https:\/\/mandarajoyeria.mx\/index.php?rest_route=\/wp\/v2\/media\/1760"}],"wp:attachment":[{"href":"https:\/\/mandarajoyeria.mx\/index.php?rest_route=%2Fwp%2Fv2%2Fmedia&parent=351"}],"wp:term":[{"taxonomy":"brand","embeddable":true,"href":"https:\/\/mandarajoyeria.mx\/index.php?rest_route=%2Fwp%2Fv2%2Fetheme_brands&post=351"},{"taxonomy":"product_cat","embeddable":true,"href":"https:\/\/mandarajoyeria.mx\/index.php?rest_route=%2Fwp%2Fv2%2Fproduct_cat&post=351"},{"taxonomy":"product_tag","embeddable":true,"href":"https:\/\/mandarajoyeria.mx\/index.php?rest_route=%2Fwp%2Fv2%2Fproduct_tag&post=351"}],"curies":[{"name":"wp","href":"https:\/\/api.w.org\/{rel}","templated":true}]}}