{"id":2488,"date":"2025-09-26T11:30:01","date_gmt":"2025-09-26T17:30:01","guid":{"rendered":"https:\/\/mandarajoyeria.mx\/?post_type=product&#038;p=2488"},"modified":"2025-09-26T11:30:01","modified_gmt":"2025-09-26T17:30:01","slug":"pulsera-flor-zafiro","status":"publish","type":"product","link":"https:\/\/mandarajoyeria.mx\/?product=pulsera-flor-zafiro","title":{"rendered":"Pulsera flor zafiro"},"content":{"rendered":"<p><span data-sheets-root=\"1\">Hermosa pulsera con dise\u00f1o de flor, imitaci\u00f3n zafiros, tiene un dise\u00f1o con circonias en tonos azules, recuerda que todas nuestras pulseras son ajustables fabricadas en plata 925 con ba\u00f1o de oro de 18K<\/span><\/p>\n","protected":false},"excerpt":{"rendered":"<p><span data-sheets-root=\"1\">Pulsera de flor con circonias ajustable de plata 925 con ba\u00f1o de oro de 18k<\/span><\/p>\n","protected":false},"featured_media":2489,"comment_status":"open","ping_status":"closed","template":"","meta":[],"etheme_brands":[],"product_cat":[107],"product_tag":[],"class_list":{"0":"post-2488","1":"product","2":"type-product","3":"status-publish","4":"has-post-thumbnail","6":"product_cat-pulseras","8":"first","9":"instock","10":"shipping-taxable","11":"purchasable","12":"product-type-simple"},"_links":{"self":[{"href":"https:\/\/mandarajoyeria.mx\/index.php?rest_route=\/wp\/v2\/product\/2488","targetHints":{"allow":["GET"]}}],"collection":[{"href":"https:\/\/mandarajoyeria.mx\/index.php?rest_route=\/wp\/v2\/product"}],"about":[{"href":"https:\/\/mandarajoyeria.mx\/index.php?rest_route=\/wp\/v2\/types\/product"}],"replies":[{"embeddable":true,"href":"https:\/\/mandarajoyeria.mx\/index.php?rest_route=%2Fwp%2Fv2%2Fcomments&post=2488"}],"version-history":[{"count":1,"href":"https:\/\/mandarajoyeria.mx\/index.php?rest_route=\/wp\/v2\/product\/2488\/revisions"}],"predecessor-version":[{"id":2490,"href":"https:\/\/mandarajoyeria.mx\/index.php?rest_route=\/wp\/v2\/product\/2488\/revisions\/2490"}],"wp:featuredmedia":[{"embeddable":true,"href":"https:\/\/mandarajoyeria.mx\/index.php?rest_route=\/wp\/v2\/media\/2489"}],"wp:attachment":[{"href":"https:\/\/mandarajoyeria.mx\/index.php?rest_route=%2Fwp%2Fv2%2Fmedia&parent=2488"}],"wp:term":[{"taxonomy":"brand","embeddable":true,"href":"https:\/\/mandarajoyeria.mx\/index.php?rest_route=%2Fwp%2Fv2%2Fetheme_brands&post=2488"},{"taxonomy":"product_cat","embeddable":true,"href":"https:\/\/mandarajoyeria.mx\/index.php?rest_route=%2Fwp%2Fv2%2Fproduct_cat&post=2488"},{"taxonomy":"product_tag","embeddable":true,"href":"https:\/\/mandarajoyeria.mx\/index.php?rest_route=%2Fwp%2Fv2%2Fproduct_tag&post=2488"}],"curies":[{"name":"wp","href":"https:\/\/api.w.org\/{rel}","templated":true}]}}