{"id":2475,"date":"2025-09-26T11:23:54","date_gmt":"2025-09-26T17:23:54","guid":{"rendered":"https:\/\/mandarajoyeria.mx\/?post_type=product&#038;p=2475"},"modified":"2025-09-26T11:23:54","modified_gmt":"2025-09-26T17:23:54","slug":"2475","status":"publish","type":"product","link":"https:\/\/mandarajoyeria.mx\/?product=2475","title":{"rendered":""},"content":{"rendered":"<p><span data-sheets-root=\"1\">Hermosa y delicada pulsera de eslabones fabricada en plata 925 con ba\u00f1o de oro de 18K, especial si buscas complementar tu brazo y a\u00f1adir m\u00e1s pulseras obteniendo un look delicado, elegante, y atemporal.<\/span><\/p>\n","protected":false},"excerpt":{"rendered":"<p><span data-sheets-root=\"1\">Pulsera de eslabones fabricada en plata 925 con ba\u00f1o de oro de 18K<\/span><\/p>\n","protected":false},"featured_media":0,"comment_status":"open","ping_status":"closed","template":"","meta":[],"etheme_brands":[],"product_cat":[107],"product_tag":[],"class_list":{"0":"post-2475","1":"product","2":"type-product","3":"status-publish","5":"product_cat-pulseras","7":"first","8":"instock","9":"shipping-taxable","10":"purchasable","11":"product-type-simple"},"_links":{"self":[{"href":"https:\/\/mandarajoyeria.mx\/index.php?rest_route=\/wp\/v2\/product\/2475","targetHints":{"allow":["GET"]}}],"collection":[{"href":"https:\/\/mandarajoyeria.mx\/index.php?rest_route=\/wp\/v2\/product"}],"about":[{"href":"https:\/\/mandarajoyeria.mx\/index.php?rest_route=\/wp\/v2\/types\/product"}],"replies":[{"embeddable":true,"href":"https:\/\/mandarajoyeria.mx\/index.php?rest_route=%2Fwp%2Fv2%2Fcomments&post=2475"}],"version-history":[{"count":1,"href":"https:\/\/mandarajoyeria.mx\/index.php?rest_route=\/wp\/v2\/product\/2475\/revisions"}],"predecessor-version":[{"id":2477,"href":"https:\/\/mandarajoyeria.mx\/index.php?rest_route=\/wp\/v2\/product\/2475\/revisions\/2477"}],"wp:attachment":[{"href":"https:\/\/mandarajoyeria.mx\/index.php?rest_route=%2Fwp%2Fv2%2Fmedia&parent=2475"}],"wp:term":[{"taxonomy":"brand","embeddable":true,"href":"https:\/\/mandarajoyeria.mx\/index.php?rest_route=%2Fwp%2Fv2%2Fetheme_brands&post=2475"},{"taxonomy":"product_cat","embeddable":true,"href":"https:\/\/mandarajoyeria.mx\/index.php?rest_route=%2Fwp%2Fv2%2Fproduct_cat&post=2475"},{"taxonomy":"product_tag","embeddable":true,"href":"https:\/\/mandarajoyeria.mx\/index.php?rest_route=%2Fwp%2Fv2%2Fproduct_tag&post=2475"}],"curies":[{"name":"wp","href":"https:\/\/api.w.org\/{rel}","templated":true}]}}