{"id":2469,"date":"2025-09-26T11:21:20","date_gmt":"2025-09-26T17:21:20","guid":{"rendered":"https:\/\/mandarajoyeria.mx\/?post_type=product&#038;p=2469"},"modified":"2025-09-26T11:21:20","modified_gmt":"2025-09-26T17:21:20","slug":"2469","status":"publish","type":"product","link":"https:\/\/mandarajoyeria.mx\/?product=2469","title":{"rendered":""},"content":{"rendered":"<p><span data-sheets-root=\"1\">Pulsera de c\u00edrculos entrelazadas, dale el significado que tu quieras! mama e hija, nosotros 2, unidad, armon\u00eda, esta pulsera es especial para ti o regalar a esa persona especial!, fabricada en plata 925 con ba\u00f1o de oro de 18K ajustable para que pueda quedarte a ti o a ella \ud83d\ude42 complem\u00e9ntala con nuestro collar circle.<\/span><\/p>\n","protected":false},"excerpt":{"rendered":"<p><span data-sheets-root=\"1\">Pulsera de circulos entrelazados en plata 925 con ba\u00f1o de oro de 18K<\/span><\/p>\n","protected":false},"featured_media":2470,"comment_status":"open","ping_status":"closed","template":"","meta":[],"etheme_brands":[],"product_cat":[107],"product_tag":[],"class_list":{"0":"post-2469","1":"product","2":"type-product","3":"status-publish","4":"has-post-thumbnail","6":"product_cat-pulseras","8":"first","9":"instock","10":"shipping-taxable","11":"purchasable","12":"product-type-simple"},"_links":{"self":[{"href":"https:\/\/mandarajoyeria.mx\/index.php?rest_route=\/wp\/v2\/product\/2469","targetHints":{"allow":["GET"]}}],"collection":[{"href":"https:\/\/mandarajoyeria.mx\/index.php?rest_route=\/wp\/v2\/product"}],"about":[{"href":"https:\/\/mandarajoyeria.mx\/index.php?rest_route=\/wp\/v2\/types\/product"}],"replies":[{"embeddable":true,"href":"https:\/\/mandarajoyeria.mx\/index.php?rest_route=%2Fwp%2Fv2%2Fcomments&post=2469"}],"version-history":[{"count":1,"href":"https:\/\/mandarajoyeria.mx\/index.php?rest_route=\/wp\/v2\/product\/2469\/revisions"}],"predecessor-version":[{"id":2471,"href":"https:\/\/mandarajoyeria.mx\/index.php?rest_route=\/wp\/v2\/product\/2469\/revisions\/2471"}],"wp:featuredmedia":[{"embeddable":true,"href":"https:\/\/mandarajoyeria.mx\/index.php?rest_route=\/wp\/v2\/media\/2470"}],"wp:attachment":[{"href":"https:\/\/mandarajoyeria.mx\/index.php?rest_route=%2Fwp%2Fv2%2Fmedia&parent=2469"}],"wp:term":[{"taxonomy":"brand","embeddable":true,"href":"https:\/\/mandarajoyeria.mx\/index.php?rest_route=%2Fwp%2Fv2%2Fetheme_brands&post=2469"},{"taxonomy":"product_cat","embeddable":true,"href":"https:\/\/mandarajoyeria.mx\/index.php?rest_route=%2Fwp%2Fv2%2Fproduct_cat&post=2469"},{"taxonomy":"product_tag","embeddable":true,"href":"https:\/\/mandarajoyeria.mx\/index.php?rest_route=%2Fwp%2Fv2%2Fproduct_tag&post=2469"}],"curies":[{"name":"wp","href":"https:\/\/api.w.org\/{rel}","templated":true}]}}