{"id":2448,"date":"2025-09-26T11:00:09","date_gmt":"2025-09-26T17:00:09","guid":{"rendered":"https:\/\/mandarajoyeria.mx\/?post_type=product&#038;p=2448"},"modified":"2025-09-26T11:00:09","modified_gmt":"2025-09-26T17:00:09","slug":"pulsera-tu-y-yo","status":"publish","type":"product","link":"https:\/\/mandarajoyeria.mx\/?product=pulsera-tu-y-yo","title":{"rendered":"Pulsera t\u00fa y yo"},"content":{"rendered":"<p><span data-sheets-root=\"1\">Hermosa y delicada pulsera fabricada en plata 925 con ba\u00f1o de oro de 18K, especialmente si buscas complementar tu brazo y a\u00f1adir m\u00e1s pulseras obteniendo un look delicado, elegante, y atemporal.<\/span><\/p>\n","protected":false},"excerpt":{"rendered":"<p><span data-sheets-root=\"1\">Pulsera entrelazada de plata 925 con ba\u00f1o de oro de 18K<\/span><\/p>\n","protected":false},"featured_media":2449,"comment_status":"open","ping_status":"closed","template":"","meta":[],"etheme_brands":[],"product_cat":[107],"product_tag":[],"class_list":{"0":"post-2448","1":"product","2":"type-product","3":"status-publish","4":"has-post-thumbnail","6":"product_cat-pulseras","8":"first","9":"instock","10":"shipping-taxable","11":"purchasable","12":"product-type-simple"},"_links":{"self":[{"href":"https:\/\/mandarajoyeria.mx\/index.php?rest_route=\/wp\/v2\/product\/2448","targetHints":{"allow":["GET"]}}],"collection":[{"href":"https:\/\/mandarajoyeria.mx\/index.php?rest_route=\/wp\/v2\/product"}],"about":[{"href":"https:\/\/mandarajoyeria.mx\/index.php?rest_route=\/wp\/v2\/types\/product"}],"replies":[{"embeddable":true,"href":"https:\/\/mandarajoyeria.mx\/index.php?rest_route=%2Fwp%2Fv2%2Fcomments&post=2448"}],"version-history":[{"count":1,"href":"https:\/\/mandarajoyeria.mx\/index.php?rest_route=\/wp\/v2\/product\/2448\/revisions"}],"predecessor-version":[{"id":2450,"href":"https:\/\/mandarajoyeria.mx\/index.php?rest_route=\/wp\/v2\/product\/2448\/revisions\/2450"}],"wp:featuredmedia":[{"embeddable":true,"href":"https:\/\/mandarajoyeria.mx\/index.php?rest_route=\/wp\/v2\/media\/2449"}],"wp:attachment":[{"href":"https:\/\/mandarajoyeria.mx\/index.php?rest_route=%2Fwp%2Fv2%2Fmedia&parent=2448"}],"wp:term":[{"taxonomy":"brand","embeddable":true,"href":"https:\/\/mandarajoyeria.mx\/index.php?rest_route=%2Fwp%2Fv2%2Fetheme_brands&post=2448"},{"taxonomy":"product_cat","embeddable":true,"href":"https:\/\/mandarajoyeria.mx\/index.php?rest_route=%2Fwp%2Fv2%2Fproduct_cat&post=2448"},{"taxonomy":"product_tag","embeddable":true,"href":"https:\/\/mandarajoyeria.mx\/index.php?rest_route=%2Fwp%2Fv2%2Fproduct_tag&post=2448"}],"curies":[{"name":"wp","href":"https:\/\/api.w.org\/{rel}","templated":true}]}}